{"id":79,"date":"2024-07-06T16:33:12","date_gmt":"2024-07-06T16:33:12","guid":{"rendered":"https:\/\/mbrcosmetics.es\/es\/?page_id=79"},"modified":"2026-03-20T20:28:39","modified_gmt":"2026-03-20T19:28:39","slug":"blog-79","status":"publish","type":"page","link":"https:\/\/mbrcosmetics.es\/es\/blog-79\/","title":{"rendered":"BLOG"},"content":{"rendered":"","protected":false},"excerpt":{"rendered":"","protected":false},"author":1,"featured_media":-1,"parent":0,"menu_order":0,"comment_status":"closed","ping_status":"closed","template":"","meta":{"footnotes":""},"class_list":["post-79","page","type-page","status-publish","has-post-thumbnail","hentry"],"yoast_head":"<!-- This site is optimized with the Yoast SEO plugin v27.3 - https:\/\/yoast.com\/product\/yoast-seo-wordpress\/ -->\n<title>Blog de Cosm\u00e9tica M\u00e9dica de Lujo | MBR\u00ae Espa\u00f1a<\/title>\n<meta name=\"description\" content=\"Noticias, consejos y novedades sobre tratamientos profesionalesMBR\u00ae, cosm\u00e9tica m\u00e9dica de lujo y cuidado de la piel en Espa\u00f1a.\" \/>\n<meta name=\"robots\" content=\"index, follow, max-snippet:-1, max-image-preview:large, max-video-preview:-1\" \/>\n<link rel=\"canonical\" href=\"https:\/\/mbrcosmetics.es\/es\/blog-79\/\" \/>\n<meta property=\"og:locale\" content=\"es_ES\" \/>\n<meta property=\"og:type\" content=\"article\" \/>\n<meta property=\"og:title\" content=\"Blog de Cosm\u00e9tica M\u00e9dica de Lujo | MBR\u00ae Espa\u00f1a\" \/>\n<meta property=\"og:description\" content=\"(ES): Noticias, consejos y novedades sobre tratamientos profesionalesMBR\u00ae, cosm\u00e9tica m\u00e9dica de lujo y cuidado de la piel en Espa\u00f1a.\" \/>\n<meta property=\"og:url\" content=\"https:\/\/mbrcosmetics.es\/es\/blog-79\/\" \/>\n<meta property=\"og:site_name\" content=\"MBR Cosmetics \u2013 Distribuidor oficial en Espa\u00f1a\" \/>\n<meta property=\"article:modified_time\" content=\"2026-03-20T19:28:39+00:00\" \/>\n<meta property=\"og:image\" content=\"https:\/\/mbrcosmetics.es\/es\/wp-content\/uploads\/sites\/2\/2024\/08\/IMG_0307.jpg\" \/>\n\t<meta property=\"og:image:width\" content=\"1896\" \/>\n\t<meta property=\"og:image:height\" content=\"1029\" \/>\n\t<meta property=\"og:image:type\" content=\"image\/jpeg\" \/>\n<meta name=\"twitter:card\" content=\"summary_large_image\" \/>\n<script type=\"application\/ld+json\" class=\"yoast-schema-graph\">{\"@context\":\"https:\\\/\\\/schema.org\",\"@graph\":[{\"@type\":\"WebPage\",\"@id\":\"https:\\\/\\\/mbrcosmetics.es\\\/es\\\/blog-79\\\/\",\"url\":\"https:\\\/\\\/mbrcosmetics.es\\\/es\\\/blog-79\\\/\",\"name\":\"Blog de Cosm\u00e9tica M\u00e9dica de Lujo | MBR\u00ae Espa\u00f1a\",\"isPartOf\":{\"@id\":\"https:\\\/\\\/mbrcosmetics.es\\\/es\\\/#website\"},\"datePublished\":\"2024-07-06T16:33:12+00:00\",\"dateModified\":\"2026-03-20T19:28:39+00:00\",\"description\":\"Noticias, consejos y novedades sobre tratamientos profesionalesMBR\u00ae, cosm\u00e9tica m\u00e9dica de lujo y cuidado de la piel en Espa\u00f1a.\",\"breadcrumb\":{\"@id\":\"https:\\\/\\\/mbrcosmetics.es\\\/es\\\/blog-79\\\/#breadcrumb\"},\"inLanguage\":\"es\",\"potentialAction\":[{\"@type\":\"ReadAction\",\"target\":[\"https:\\\/\\\/mbrcosmetics.es\\\/es\\\/blog-79\\\/\"]}]},{\"@type\":\"BreadcrumbList\",\"@id\":\"https:\\\/\\\/mbrcosmetics.es\\\/es\\\/blog-79\\\/#breadcrumb\",\"itemListElement\":[{\"@type\":\"ListItem\",\"position\":1,\"name\":\"Home\",\"item\":\"https:\\\/\\\/mbrcosmetics.es\\\/es\\\/\"},{\"@type\":\"ListItem\",\"position\":2,\"name\":\"BLOG\"}]},{\"@type\":\"WebSite\",\"@id\":\"https:\\\/\\\/mbrcosmetics.es\\\/es\\\/#website\",\"url\":\"https:\\\/\\\/mbrcosmetics.es\\\/es\\\/\",\"name\":\"MBR Cosmetics \u2013 Distribuidor oficial en Espa\u00f1a\",\"description\":\"La Alqumia de Belezza\",\"alternateName\":\"Medical Beauty Research - ESPA\u00d1A\",\"potentialAction\":[{\"@type\":\"SearchAction\",\"target\":{\"@type\":\"EntryPoint\",\"urlTemplate\":\"https:\\\/\\\/mbrcosmetics.es\\\/es\\\/?s={search_term_string}\"},\"query-input\":{\"@type\":\"PropertyValueSpecification\",\"valueRequired\":true,\"valueName\":\"search_term_string\"}}],\"inLanguage\":\"es\"}]}<\/script>\n<!-- \/ Yoast SEO plugin. -->","yoast_head_json":{"title":"Blog de Cosm\u00e9tica M\u00e9dica de Lujo | MBR\u00ae Espa\u00f1a","description":"Noticias, consejos y novedades sobre tratamientos profesionalesMBR\u00ae, cosm\u00e9tica m\u00e9dica de lujo y cuidado de la piel en Espa\u00f1a.","robots":{"index":"index","follow":"follow","max-snippet":"max-snippet:-1","max-image-preview":"max-image-preview:large","max-video-preview":"max-video-preview:-1"},"canonical":"https:\/\/mbrcosmetics.es\/es\/blog-79\/","og_locale":"es_ES","og_type":"article","og_title":"Blog de Cosm\u00e9tica M\u00e9dica de Lujo | MBR\u00ae Espa\u00f1a","og_description":"(ES): Noticias, consejos y novedades sobre tratamientos profesionalesMBR\u00ae, cosm\u00e9tica m\u00e9dica de lujo y cuidado de la piel en Espa\u00f1a.","og_url":"https:\/\/mbrcosmetics.es\/es\/blog-79\/","og_site_name":"MBR Cosmetics \u2013 Distribuidor oficial en Espa\u00f1a","article_modified_time":"2026-03-20T19:28:39+00:00","og_image":[{"width":1896,"height":1029,"url":"https:\/\/mbrcosmetics.es\/es\/wp-content\/uploads\/sites\/2\/2024\/08\/IMG_0307.jpg","type":"image\/jpeg"}],"twitter_card":"summary_large_image","schema":{"@context":"https:\/\/schema.org","@graph":[{"@type":"WebPage","@id":"https:\/\/mbrcosmetics.es\/es\/blog-79\/","url":"https:\/\/mbrcosmetics.es\/es\/blog-79\/","name":"Blog de Cosm\u00e9tica M\u00e9dica de Lujo | MBR\u00ae Espa\u00f1a","isPartOf":{"@id":"https:\/\/mbrcosmetics.es\/es\/#website"},"datePublished":"2024-07-06T16:33:12+00:00","dateModified":"2026-03-20T19:28:39+00:00","description":"Noticias, consejos y novedades sobre tratamientos profesionalesMBR\u00ae, cosm\u00e9tica m\u00e9dica de lujo y cuidado de la piel en Espa\u00f1a.","breadcrumb":{"@id":"https:\/\/mbrcosmetics.es\/es\/blog-79\/#breadcrumb"},"inLanguage":"es","potentialAction":[{"@type":"ReadAction","target":["https:\/\/mbrcosmetics.es\/es\/blog-79\/"]}]},{"@type":"BreadcrumbList","@id":"https:\/\/mbrcosmetics.es\/es\/blog-79\/#breadcrumb","itemListElement":[{"@type":"ListItem","position":1,"name":"Home","item":"https:\/\/mbrcosmetics.es\/es\/"},{"@type":"ListItem","position":2,"name":"BLOG"}]},{"@type":"WebSite","@id":"https:\/\/mbrcosmetics.es\/es\/#website","url":"https:\/\/mbrcosmetics.es\/es\/","name":"MBR Cosmetics \u2013 Distribuidor oficial en Espa\u00f1a","description":"La Alqumia de Belezza","alternateName":"Medical Beauty Research - ESPA\u00d1A","potentialAction":[{"@type":"SearchAction","target":{"@type":"EntryPoint","urlTemplate":"https:\/\/mbrcosmetics.es\/es\/?s={search_term_string}"},"query-input":{"@type":"PropertyValueSpecification","valueRequired":true,"valueName":"search_term_string"}}],"inLanguage":"es"}]}},"_links":{"self":[{"href":"https:\/\/mbrcosmetics.es\/es\/wp-json\/wp\/v2\/pages\/79","targetHints":{"allow":["GET"]}}],"collection":[{"href":"https:\/\/mbrcosmetics.es\/es\/wp-json\/wp\/v2\/pages"}],"about":[{"href":"https:\/\/mbrcosmetics.es\/es\/wp-json\/wp\/v2\/types\/page"}],"author":[{"embeddable":true,"href":"https:\/\/mbrcosmetics.es\/es\/wp-json\/wp\/v2\/users\/1"}],"replies":[{"embeddable":true,"href":"https:\/\/mbrcosmetics.es\/es\/wp-json\/wp\/v2\/comments?post=79"}],"version-history":[{"count":2,"href":"https:\/\/mbrcosmetics.es\/es\/wp-json\/wp\/v2\/pages\/79\/revisions"}],"predecessor-version":[{"id":880,"href":"https:\/\/mbrcosmetics.es\/es\/wp-json\/wp\/v2\/pages\/79\/revisions\/880"}],"wp:featuredmedia":[{"embeddable":true,"href":"https:\/\/mbrcosmetics.es\/es\/wp-json\/"}],"wp:attachment":[{"href":"https:\/\/mbrcosmetics.es\/es\/wp-json\/wp\/v2\/media?parent=79"}],"curies":[{"name":"wp","href":"https:\/\/api.w.org\/{rel}","templated":true}]}}